{"id":6119,"date":"2025-09-13T16:01:51","date_gmt":"2025-09-13T16:01:51","guid":{"rendered":"https:\/\/test.lila.company\/?post_type=product&#038;p=6119"},"modified":"2025-09-13T16:02:46","modified_gmt":"2025-09-13T16:02:46","slug":"alacati-naturel-elma-receli-300-gr","status":"publish","type":"product","link":"https:\/\/test.lila.company\/?product=alacati-naturel-elma-receli-300-gr","title":{"rendered":"Ala\u00e7at\u0131 Naturel Elma Re\u00e7eli 300 Gr"},"content":{"rendered":"<p><P data-start=\"40\" data-end=\"121\"><SPAN class=\"relative -mx-px my-[-0.2rem] rounded px-px py-[0.2rem] transition-colors duration-100 ease-in-out\">Ala\u00e7at\u0131 Naturel Elma Re\u00e7eli 300 gr<\/SPAN>\u200b<\/P><br \/>\n<P data-start=\"123\" data-end=\"242\"><SPAN class=\"relative -mx-px my-[-0.2rem] rounded px-px py-[0.2rem] transition-colors duration-100 ease-in-out\">Ala\u00e7at\u0131 Naturel&#8217;in 300 graml\u0131k elma re\u00e7eli, elman\u0131n hafif ek\u015fi ve tatl\u0131 dengesini sunuyor.<\/SPAN> <SPAN class=\"relative -mx-px my-[-0.2rem] rounded px-px py-[0.2rem] transition-colors duration-100 ease-in-out\">Do\u011fal ve katk\u0131s\u0131z i\u00e7eri\u011fiyle kahvalt\u0131 sofralar\u0131n\u0131za lezzet kat\u0131yor.<\/SPAN>\u200b<\/P><br \/>\n<P data-start=\"244\" data-end=\"269\"><STRONG data-start=\"244\" data-end=\"269\">\u00d6ne \u00c7\u0131kan \u00d6zellikler:<\/STRONG><\/P><br \/>\n<UL data-start=\"270\" data-end=\"525\"><br \/>\n<LI data-start=\"270\" data-end=\"353\"><br \/>\n<P data-start=\"272\" data-end=\"353\"><SPAN class=\"relative -mx-px my-[-0.2rem] rounded px-px py-[0.2rem] transition-colors duration-100 ease-in-out\">Do\u011fal ve katk\u0131s\u0131z i\u00e7erik<\/SPAN>\u200b<\/P><\/LI><br \/>\n<LI data-start=\"354\" data-end=\"437\"><br \/>\n<P data-start=\"356\" data-end=\"437\"><SPAN class=\"relative -mx-px my-[-0.2rem] rounded px-px py-[0.2rem] transition-colors duration-100 ease-in-out\">Elman\u0131n hafif ek\u015fi ve tatl\u0131 dengesi<\/SPAN>\u200b<\/P><\/LI><br \/>\n<LI data-start=\"438\" data-end=\"525\"><br \/>\n<P data-start=\"440\" data-end=\"525\"><SPAN class=\"relative -mx-px my-[-0.2rem] rounded px-px py-[0.2rem] transition-colors duration-100 ease-in-out\">Kahvalt\u0131larda ve tatl\u0131 tariflerinde kullan\u0131m i\u00e7in ideal<\/SPAN>\u200b<\/P><\/LI><\/UL><br \/>\n<P data-start=\"527\" data-end=\"560\"><STRONG data-start=\"527\" data-end=\"560\">Besin De\u011ferleri (100 g i\u00e7in):<\/STRONG><\/P><br \/>\n<UL data-start=\"561\" data-end=\"1088\"><br \/>\n<LI data-start=\"561\" data-end=\"648\"><br \/>\n<P data-start=\"563\" data-end=\"648\"><SPAN class=\"relative -mx-px my-[-0.2rem] rounded px-px py-[0.2rem] transition-colors duration-100 ease-in-out\">Enerji: 1250 kJ \/ 299 kcal<\/SPAN>\u200b<\/P><\/LI><br \/>\n<LI data-start=\"649\" data-end=\"736\"><br \/>\n<P data-start=\"651\" data-end=\"736\"><SPAN class=\"relative -mx-px my-[-0.2rem] rounded px-px py-[0.2rem] transition-colors duration-100 ease-in-out\">Karbonhidrat: 73,4 g<\/SPAN>\u200b<\/P><\/LI><br \/>\n<LI data-start=\"649\" data-end=\"736\"><br \/>\n<P data-start=\"651\" data-end=\"736\"><SPAN class=\"relative -mx-px my-[-0.2rem] rounded px-px py-[0.2rem] transition-colors duration-100 ease-in-out\">\u015eekerler: 51,5 g<\/SPAN>\u200b<SPAN class=\"relative -mx-px my-[-0.2rem] rounded px-px py-[0.2rem] transition-colors duration-100 ease-in-out\">Ya\u011f: 0 g<\/SPAN>\u200b<\/P><\/LI><br \/>\n<LI data-start=\"913\" data-end=\"1000\"><br \/>\n<P data-start=\"915\" data-end=\"1000\"><SPAN class=\"relative -mx-px my-[-0.2rem] rounded px-px py-[0.2rem] transition-colors duration-100 ease-in-out\">Protein: 0 g<\/SPAN>\u200b<\/P><\/LI><br \/>\n<LI data-start=\"1001\" data-end=\"1088\"><br \/>\n<P data-start=\"1003\" data-end=\"1088\"><SPAN class=\"relative -mx-px my-[-0.2rem] rounded px-px py-[0.2rem] transition-colors duration-100 ease-in-out\">Tuz: 0 g<\/SPAN>\u200b<\/P><\/LI><\/UL><br \/>\n<P data-start=\"1090\" data-end=\"1255\"><SPAN class=\"relative -mx-px my-[-0.2rem] rounded px-px py-[0.2rem] transition-colors duration-100 ease-in-out\">Ala\u00e7at\u0131 Naturel Elma Re\u00e7eli, do\u011fal ve sa\u011fl\u0131kl\u0131 bir tat arayanlar i\u00e7in m\u00fckemmel bir se\u00e7enek.<\/SPAN> <\/P><\/p>\n","protected":false},"excerpt":{"rendered":"<p><P data-end=\"242\" data-start=\"123\"><SPAN class=\"relative -mx-px my-[-0.2rem] rounded px-px py-[0.2rem] transition-colors duration-100 ease-in-out\">Ala\u00e7at\u0131 Naturel&#8217;in 300 graml\u0131k elma re\u00e7eli, elman\u0131n hafif ek\u015fi ve tatl\u0131 dengesini sunuyor.<\/SPAN> <SPAN class=\"relative -mx-px my-[-0.2rem] rounded px-px py-[0.2rem] transition-colors duration-100 ease-in-out\">Do\u011fal ve katk\u0131s\u0131z i\u00e7eri\u011fiyle kahvalt\u0131 sofralar\u0131n\u0131za lezzet kat\u0131yor.<\/SPAN>\u200b<\/P><\/p>\n","protected":false},"featured_media":6198,"comment_status":"open","ping_status":"closed","template":"","meta":[],"product_brand":[1820],"product_cat":[174],"product_tag":[],"class_list":{"0":"post-6119","1":"product","2":"type-product","3":"status-publish","4":"has-post-thumbnail","6":"product_brand-alacati","7":"product_cat-receller-pekmezler-tahinler","9":"first","10":"instock","11":"shipping-taxable","12":"purchasable","13":"product-type-simple"},"_links":{"self":[{"href":"https:\/\/test.lila.company\/index.php?rest_route=\/wp\/v2\/product\/6119","targetHints":{"allow":["GET"]}}],"collection":[{"href":"https:\/\/test.lila.company\/index.php?rest_route=\/wp\/v2\/product"}],"about":[{"href":"https:\/\/test.lila.company\/index.php?rest_route=\/wp\/v2\/types\/product"}],"replies":[{"embeddable":true,"href":"https:\/\/test.lila.company\/index.php?rest_route=%2Fwp%2Fv2%2Fcomments&post=6119"}],"version-history":[{"count":1,"href":"https:\/\/test.lila.company\/index.php?rest_route=\/wp\/v2\/product\/6119\/revisions"}],"predecessor-version":[{"id":6199,"href":"https:\/\/test.lila.company\/index.php?rest_route=\/wp\/v2\/product\/6119\/revisions\/6199"}],"wp:featuredmedia":[{"embeddable":true,"href":"https:\/\/test.lila.company\/index.php?rest_route=\/wp\/v2\/media\/6198"}],"wp:attachment":[{"href":"https:\/\/test.lila.company\/index.php?rest_route=%2Fwp%2Fv2%2Fmedia&parent=6119"}],"wp:term":[{"taxonomy":"product_brand","embeddable":true,"href":"https:\/\/test.lila.company\/index.php?rest_route=%2Fwp%2Fv2%2Fproduct_brand&post=6119"},{"taxonomy":"product_cat","embeddable":true,"href":"https:\/\/test.lila.company\/index.php?rest_route=%2Fwp%2Fv2%2Fproduct_cat&post=6119"},{"taxonomy":"product_tag","embeddable":true,"href":"https:\/\/test.lila.company\/index.php?rest_route=%2Fwp%2Fv2%2Fproduct_tag&post=6119"}],"curies":[{"name":"wp","href":"https:\/\/api.w.org\/{rel}","templated":true}]}}