{"id":6019,"date":"2025-09-13T16:00:42","date_gmt":"2025-09-13T16:00:42","guid":{"rendered":"https:\/\/test.lila.company\/?post_type=product&#038;p=6019"},"modified":"2025-09-13T16:01:42","modified_gmt":"2025-09-13T16:01:42","slug":"abdurrahman-tatlici-tadisah-parcacikli-antep-fistigi-kremasi-200-gr","status":"publish","type":"product","link":"https:\/\/test.lila.company\/?product=abdurrahman-tatlici-tadisah-parcacikli-antep-fistigi-kremasi-200-gr","title":{"rendered":"Abdurrahman Tatl\u0131c\u0131 Tad\u0131\u015fah Par\u00e7ac\u0131kl\u0131 Antep F\u0131st\u0131\u011f\u0131 Kremas\u0131 200 Gr"},"content":{"rendered":"<p><SPAN><STRONG>\u0130\u00c7\u0130NDEK\u0130LER:<\/STRONG> Toz \u015feker, Bitkisel ya\u011f, Antep F\u0131st\u0131\u011f\u0131(, S\u00fct Tozu, Peyniralt\u0131 Suyu Tozu, M\u0131s\u0131r Ni\u015fastas\u0131, Em\u00fclgat\u00f6r.<\/SPAN><\/p>\n","protected":false},"excerpt":{"rendered":"<p>\u0130\u00c7\u0130NDEK\u0130LER: Toz \u015feker, Bitkisel ya\u011f, Antep F\u0131st\u0131\u011f\u0131(, S\u00fct Tozu, Peyniralt\u0131 Suyu Tozu, M\u0131s\u0131r Ni\u015fastas\u0131, Em\u00fclgat\u00f6r.<\/p>\n","protected":false},"featured_media":6103,"comment_status":"open","ping_status":"closed","template":"","meta":[],"product_brand":[1393],"product_cat":[345],"product_tag":[],"class_list":{"0":"post-6019","1":"product","2":"type-product","3":"status-publish","4":"has-post-thumbnail","6":"product_brand-abdurrahman-tatlici","7":"product_cat-gurme-ve-surulebilir-urunler","9":"first","10":"instock","11":"shipping-taxable","12":"purchasable","13":"product-type-simple"},"_links":{"self":[{"href":"https:\/\/test.lila.company\/index.php?rest_route=\/wp\/v2\/product\/6019","targetHints":{"allow":["GET"]}}],"collection":[{"href":"https:\/\/test.lila.company\/index.php?rest_route=\/wp\/v2\/product"}],"about":[{"href":"https:\/\/test.lila.company\/index.php?rest_route=\/wp\/v2\/types\/product"}],"replies":[{"embeddable":true,"href":"https:\/\/test.lila.company\/index.php?rest_route=%2Fwp%2Fv2%2Fcomments&post=6019"}],"version-history":[{"count":1,"href":"https:\/\/test.lila.company\/index.php?rest_route=\/wp\/v2\/product\/6019\/revisions"}],"predecessor-version":[{"id":6104,"href":"https:\/\/test.lila.company\/index.php?rest_route=\/wp\/v2\/product\/6019\/revisions\/6104"}],"wp:featuredmedia":[{"embeddable":true,"href":"https:\/\/test.lila.company\/index.php?rest_route=\/wp\/v2\/media\/6103"}],"wp:attachment":[{"href":"https:\/\/test.lila.company\/index.php?rest_route=%2Fwp%2Fv2%2Fmedia&parent=6019"}],"wp:term":[{"taxonomy":"product_brand","embeddable":true,"href":"https:\/\/test.lila.company\/index.php?rest_route=%2Fwp%2Fv2%2Fproduct_brand&post=6019"},{"taxonomy":"product_cat","embeddable":true,"href":"https:\/\/test.lila.company\/index.php?rest_route=%2Fwp%2Fv2%2Fproduct_cat&post=6019"},{"taxonomy":"product_tag","embeddable":true,"href":"https:\/\/test.lila.company\/index.php?rest_route=%2Fwp%2Fv2%2Fproduct_tag&post=6019"}],"curies":[{"name":"wp","href":"https:\/\/api.w.org\/{rel}","templated":true}]}}