{"id":5934,"date":"2025-09-13T15:59:33","date_gmt":"2025-09-13T15:59:33","guid":{"rendered":"https:\/\/test.lila.company\/?post_type=product&#038;p=5934"},"modified":"2025-09-13T16:00:49","modified_gmt":"2025-09-13T16:00:49","slug":"aly-tortilla-lavas-siyah-25-cm-6li-420-gr","status":"publish","type":"product","link":"https:\/\/test.lila.company\/?product=aly-tortilla-lavas-siyah-25-cm-6li-420-gr","title":{"rendered":"Aly Tortilla Lava\u015f Siyah 25 Cm 6&#8217;l\u0131 420 Gr"},"content":{"rendered":"<p><SPAN><FONT color=\"#000000\"><STRONG>\u0130\u00c7\u0130NDEK\u0130LER : <\/STRONG>Bu\u011fday unu, su, bitkisel ya\u011f (palm, ay\u00e7i\u00e7ek, kanola, pamuk ya\u011f\u0131), tuz, dekstroz, stabilizat\u00f6r (gliserol), m\u00fcrekkep bal\u0131\u011f\u0131 sosu, em\u00fclgat\u00f6r (bitkisel ya\u011f asitlerinin mono ve digliseridleri), kabart\u0131c\u0131lar (sodyum asit pirofosfat, sodyum bikarbonat) koruyucular (kalsiyum propiyonat, potasyum sorbat), asitlik d\u00fczenleyiciler (malik asit, sitrik asit)<\/FONT><\/SPAN><\/p>\n","protected":false},"excerpt":{"rendered":"<p><SPAN><FONT color=\"#000000\">Siyah rengini veren m\u00fcrekkep bal\u0131\u011f\u0131 sosu sayesinde sofralar\u0131n\u0131za farkl\u0131l\u0131k katabilirsiniz.<\/FONT><\/SPAN><\/p>\n","protected":false},"featured_media":6029,"comment_status":"open","ping_status":"closed","template":"","meta":[],"product_brand":[1710],"product_cat":[246],"product_tag":[],"class_list":{"0":"post-5934","1":"product","2":"type-product","3":"status-publish","4":"has-post-thumbnail","6":"product_brand-aly","7":"product_cat-yemek-hazirlik","9":"first","10":"outofstock","11":"shipping-taxable","12":"purchasable","13":"product-type-simple"},"_links":{"self":[{"href":"https:\/\/test.lila.company\/index.php?rest_route=\/wp\/v2\/product\/5934","targetHints":{"allow":["GET"]}}],"collection":[{"href":"https:\/\/test.lila.company\/index.php?rest_route=\/wp\/v2\/product"}],"about":[{"href":"https:\/\/test.lila.company\/index.php?rest_route=\/wp\/v2\/types\/product"}],"replies":[{"embeddable":true,"href":"https:\/\/test.lila.company\/index.php?rest_route=%2Fwp%2Fv2%2Fcomments&post=5934"}],"version-history":[{"count":1,"href":"https:\/\/test.lila.company\/index.php?rest_route=\/wp\/v2\/product\/5934\/revisions"}],"predecessor-version":[{"id":6030,"href":"https:\/\/test.lila.company\/index.php?rest_route=\/wp\/v2\/product\/5934\/revisions\/6030"}],"wp:featuredmedia":[{"embeddable":true,"href":"https:\/\/test.lila.company\/index.php?rest_route=\/wp\/v2\/media\/6029"}],"wp:attachment":[{"href":"https:\/\/test.lila.company\/index.php?rest_route=%2Fwp%2Fv2%2Fmedia&parent=5934"}],"wp:term":[{"taxonomy":"product_brand","embeddable":true,"href":"https:\/\/test.lila.company\/index.php?rest_route=%2Fwp%2Fv2%2Fproduct_brand&post=5934"},{"taxonomy":"product_cat","embeddable":true,"href":"https:\/\/test.lila.company\/index.php?rest_route=%2Fwp%2Fv2%2Fproduct_cat&post=5934"},{"taxonomy":"product_tag","embeddable":true,"href":"https:\/\/test.lila.company\/index.php?rest_route=%2Fwp%2Fv2%2Fproduct_tag&post=5934"}],"curies":[{"name":"wp","href":"https:\/\/api.w.org\/{rel}","templated":true}]}}