{"id":5932,"date":"2025-09-13T15:59:33","date_gmt":"2025-09-13T15:59:33","guid":{"rendered":"https:\/\/test.lila.company\/?post_type=product&#038;p=5932"},"modified":"2025-09-13T16:00:46","modified_gmt":"2025-09-13T16:00:46","slug":"aly-ranch-dip-sauce-280-gr","status":"publish","type":"product","link":"https:\/\/test.lila.company\/?product=aly-ranch-dip-sauce-280-gr","title":{"rendered":"Aly Ranch Dip Sauce 280 Gr"},"content":{"rendered":"<p><P><FONT><FONT><FONT color=\"#000000\"><STRONG>\u0130\u00e7indekiler:<\/STRONG> Su, bitkisel ya\u011flar (ay\u00e7i\u00e7ek, kanola), \u015feker, modifiye m\u0131s\u0131r bitkileri, pastorize yumurta sar\u0131s\u0131, yo\u011furt tozu, sirke, tuz, sar\u0131msak tozu, asitlik tamamlay\u0131c\u0131ler (hidroklorik asit, sitrik asit), aroma vericiler (s\u00fct \u00fcr\u00fcnleri i\u00e7erir), k\u0131vam artt\u0131r\u0131c\u0131 (ksantan gam\u0131), ya\u011fs\u0131z s\u00fct tozu, koruyucu (potasyum sorbat), dereotu, antioksidan (kalsiyum disodyum EDTA).<BR><\/FONT><\/FONT><\/FONT><\/P><br \/>\n<P><FONT><FONT><FONT><FONT color=\"#000000\"><SPAN>\u00dcr\u00fcnlerimizin domuz ya\u011f\u0131 ve katk\u0131lar\u0131 bulunmaktad\u0131r. <\/SPAN><\/FONT><\/FONT><\/FONT><\/FONT><\/P><br \/>\n<P><FONT><FONT><FONT><FONT color=\"#000000\"><SPAN>Koruyucu i\u00e7ermez. <BR><\/SPAN><\/FONT><\/FONT><\/FONT><\/FONT><\/P><br \/>\n<P><FONT face=\"Arial\">T\u00fcrk G\u0131da Kodeksi&#8217;ne uygundur.<\/FONT><\/P><br \/>\n<P><FONT face=\"Arial\">Serin yerde muhafaza ediniz.<BR><\/FONT><\/P><br \/>\n<P><FONT><FONT><FONT color=\"#000000\"><FONT color=\"#000000\"><\/FONT>&nbsp;<\/P><\/FONT><\/FONT><\/FONT><\/p>\n","protected":false},"excerpt":{"rendered":"<p>\u0130\u00e7indekiler: Su, bitkisel ya\u011flar (ay\u00e7i\u00e7ek, kanola), \u015feker, modifiye m\u0131s\u0131r bitkileri, pastorize yumurta sar\u0131s\u0131, yo\u011furt tozu, sirke, tuz, sar\u0131msak tozu, asitlik<\/p>\n","protected":false},"featured_media":6025,"comment_status":"open","ping_status":"closed","template":"","meta":[],"product_brand":[1710],"product_cat":[143],"product_tag":[],"class_list":{"0":"post-5932","1":"product","2":"type-product","3":"status-publish","4":"has-post-thumbnail","6":"product_brand-aly","7":"product_cat-soslar","9":"first","10":"outofstock","11":"shipping-taxable","12":"purchasable","13":"product-type-simple"},"_links":{"self":[{"href":"https:\/\/test.lila.company\/index.php?rest_route=\/wp\/v2\/product\/5932","targetHints":{"allow":["GET"]}}],"collection":[{"href":"https:\/\/test.lila.company\/index.php?rest_route=\/wp\/v2\/product"}],"about":[{"href":"https:\/\/test.lila.company\/index.php?rest_route=\/wp\/v2\/types\/product"}],"replies":[{"embeddable":true,"href":"https:\/\/test.lila.company\/index.php?rest_route=%2Fwp%2Fv2%2Fcomments&post=5932"}],"version-history":[{"count":1,"href":"https:\/\/test.lila.company\/index.php?rest_route=\/wp\/v2\/product\/5932\/revisions"}],"predecessor-version":[{"id":6026,"href":"https:\/\/test.lila.company\/index.php?rest_route=\/wp\/v2\/product\/5932\/revisions\/6026"}],"wp:featuredmedia":[{"embeddable":true,"href":"https:\/\/test.lila.company\/index.php?rest_route=\/wp\/v2\/media\/6025"}],"wp:attachment":[{"href":"https:\/\/test.lila.company\/index.php?rest_route=%2Fwp%2Fv2%2Fmedia&parent=5932"}],"wp:term":[{"taxonomy":"product_brand","embeddable":true,"href":"https:\/\/test.lila.company\/index.php?rest_route=%2Fwp%2Fv2%2Fproduct_brand&post=5932"},{"taxonomy":"product_cat","embeddable":true,"href":"https:\/\/test.lila.company\/index.php?rest_route=%2Fwp%2Fv2%2Fproduct_cat&post=5932"},{"taxonomy":"product_tag","embeddable":true,"href":"https:\/\/test.lila.company\/index.php?rest_route=%2Fwp%2Fv2%2Fproduct_tag&post=5932"}],"curies":[{"name":"wp","href":"https:\/\/api.w.org\/{rel}","templated":true}]}}