{"id":5930,"date":"2025-09-13T15:59:32","date_gmt":"2025-09-13T15:59:32","guid":{"rendered":"https:\/\/test.lila.company\/?post_type=product&#038;p=5930"},"modified":"2025-09-13T16:00:40","modified_gmt":"2025-09-13T16:00:40","slug":"aly-tortilla-lavas-akdeniz-yesillikle-25-cm-6li-420-gr","status":"publish","type":"product","link":"https:\/\/test.lila.company\/?product=aly-tortilla-lavas-akdeniz-yesillikle-25-cm-6li-420-gr","title":{"rendered":"Aly Tortilla Lava\u015f Akdeniz Ye\u015fillikle 25 Cm 6&#8217;l\u0131 420 Gr"},"content":{"rendered":"<p><SPAN><FONT color=\"#000000\"><STRONG>\u0130\u00c7\u0130NDEK\u0130LER : <\/STRONG>Bu\u011fday unu, su, bitkisel ya\u011f (palm, ay\u00e7i\u00e7ek ve kanola ya\u011f\u0131), tuz , stabilizat\u00f6r (gliserol), \u015feker, zeytinya\u011f\u0131, em\u00fclgat\u00f6r (bitkisel ya\u011f asitlerinin mono ve digliseridleri), kurutulmu\u015f fesle\u011fen, kurutulmu\u015f dereotu, zeytin, kurutulmu\u015f maydanoz, kurutulmu\u015f kekik, kurutulmu\u015f sar\u0131msak, kabart\u0131c\u0131lar (sodyum asit pirofosfat, sodyum bikarbonat), koruyucular (kalsiyum propionat, potasyum sorbat), asitlik d\u00fczenleyiciler (malik asit, sitrik asit)<\/FONT><\/SPAN><\/p>\n","protected":false},"excerpt":{"rendered":"<p><SPAN><FONT color=\"#000000\">\u0130\u00e7eri\u011findeki akdeniz ye\u015fillikleri ile tad\u0131 dama\u011f\u0131n\u0131zda kalacak lezzetli ve sa\u011fl\u0131kl\u0131 \u00f6\u011f\u00fcnler haz\u0131rlayabilirsiniz.<\/FONT><\/SPAN><\/p>\n","protected":false},"featured_media":6011,"comment_status":"open","ping_status":"closed","template":"","meta":[],"product_brand":[1710],"product_cat":[246],"product_tag":[],"class_list":{"0":"post-5930","1":"product","2":"type-product","3":"status-publish","4":"has-post-thumbnail","6":"product_brand-aly","7":"product_cat-yemek-hazirlik","9":"first","10":"outofstock","11":"shipping-taxable","12":"purchasable","13":"product-type-simple"},"_links":{"self":[{"href":"https:\/\/test.lila.company\/index.php?rest_route=\/wp\/v2\/product\/5930","targetHints":{"allow":["GET"]}}],"collection":[{"href":"https:\/\/test.lila.company\/index.php?rest_route=\/wp\/v2\/product"}],"about":[{"href":"https:\/\/test.lila.company\/index.php?rest_route=\/wp\/v2\/types\/product"}],"replies":[{"embeddable":true,"href":"https:\/\/test.lila.company\/index.php?rest_route=%2Fwp%2Fv2%2Fcomments&post=5930"}],"version-history":[{"count":1,"href":"https:\/\/test.lila.company\/index.php?rest_route=\/wp\/v2\/product\/5930\/revisions"}],"predecessor-version":[{"id":6012,"href":"https:\/\/test.lila.company\/index.php?rest_route=\/wp\/v2\/product\/5930\/revisions\/6012"}],"wp:featuredmedia":[{"embeddable":true,"href":"https:\/\/test.lila.company\/index.php?rest_route=\/wp\/v2\/media\/6011"}],"wp:attachment":[{"href":"https:\/\/test.lila.company\/index.php?rest_route=%2Fwp%2Fv2%2Fmedia&parent=5930"}],"wp:term":[{"taxonomy":"product_brand","embeddable":true,"href":"https:\/\/test.lila.company\/index.php?rest_route=%2Fwp%2Fv2%2Fproduct_brand&post=5930"},{"taxonomy":"product_cat","embeddable":true,"href":"https:\/\/test.lila.company\/index.php?rest_route=%2Fwp%2Fv2%2Fproduct_cat&post=5930"},{"taxonomy":"product_tag","embeddable":true,"href":"https:\/\/test.lila.company\/index.php?rest_route=%2Fwp%2Fv2%2Fproduct_tag&post=5930"}],"curies":[{"name":"wp","href":"https:\/\/api.w.org\/{rel}","templated":true}]}}