{"id":5929,"date":"2025-09-13T15:59:32","date_gmt":"2025-09-13T15:59:32","guid":{"rendered":"https:\/\/test.lila.company\/?post_type=product&#038;p=5929"},"modified":"2025-09-13T16:00:38","modified_gmt":"2025-09-13T16:00:38","slug":"aly-tortilla-lavas-cikolatali-25-cm-6li-420-gr","status":"publish","type":"product","link":"https:\/\/test.lila.company\/?product=aly-tortilla-lavas-cikolatali-25-cm-6li-420-gr","title":{"rendered":"Aly Tortilla Lava\u015f \u00c7ikolatal\u0131 25 Cm 6&#8217;l\u0131 420 Gr"},"content":{"rendered":"<p><UL class=\"detail-desc-list two-columns\" style=\"column-count: 2\"><br \/>\n<LI><FONT color=\"#000000\"><STRONG>\u0130\u00c7\u0130NDEK\u0130LER : <\/STRONG>Bu\u011fday unu, su, \u00e7ikolata %8,5 (\u015feker, ay\u00e7i\u00e7ek ya\u011f\u0131, kakao tozu (%6), em\u00fclgat\u00f6r (ay\u00e7i\u00e7ek lesitini),aroma verici(vanilin),ya\u011fs\u0131z s\u00fct tozu, ya\u011fl\u0131 s\u00fct tozu, f\u0131nd\u0131k ), \u015feker, bitkisel ya\u011f (palm, ay\u00e7i\u00e7ek,kanola, pamuk ya\u011f\u0131) stabilizat\u00f6r (gliserol), em\u00fclgat\u00f6r (bitkisel ya\u011f asitlerinin mono ve digliseridleri), kabart\u0131c\u0131lar (sodyum asit pirofosfat, sodyum bikarbonat), tuz, asitlik d\u00fczenleyiciler (Malik asit, Sitrik asit), Koruyucular (kalsiyum propiyonat, potasyum sorbat).<\/FONT><\/LI><br \/>\n<LI><FONT color=\"#000000\"><\/FONT><\/LI><\/UL><\/p>\n","protected":false},"excerpt":{"rendered":"<p><SPAN><FONT color=\"#000000\">Misafirlerinize Sa\u011fl\u0131kl\u0131 ve renkli ikraml\u0131klar haz\u0131rlayabilirsiniz. Tek ba\u015f\u0131na bir at\u0131\u015ft\u0131rmal\u0131k olarak ya da sos, meyve ve dondurma e\u015fli\u011finde t\u00fcketebilirsiniz.<\/FONT><\/SPAN><\/p>\n","protected":false},"featured_media":6009,"comment_status":"open","ping_status":"closed","template":"","meta":[],"product_brand":[1710],"product_cat":[246],"product_tag":[],"class_list":{"0":"post-5929","1":"product","2":"type-product","3":"status-publish","4":"has-post-thumbnail","6":"product_brand-aly","7":"product_cat-yemek-hazirlik","9":"first","10":"outofstock","11":"shipping-taxable","12":"purchasable","13":"product-type-simple"},"_links":{"self":[{"href":"https:\/\/test.lila.company\/index.php?rest_route=\/wp\/v2\/product\/5929","targetHints":{"allow":["GET"]}}],"collection":[{"href":"https:\/\/test.lila.company\/index.php?rest_route=\/wp\/v2\/product"}],"about":[{"href":"https:\/\/test.lila.company\/index.php?rest_route=\/wp\/v2\/types\/product"}],"replies":[{"embeddable":true,"href":"https:\/\/test.lila.company\/index.php?rest_route=%2Fwp%2Fv2%2Fcomments&post=5929"}],"version-history":[{"count":1,"href":"https:\/\/test.lila.company\/index.php?rest_route=\/wp\/v2\/product\/5929\/revisions"}],"predecessor-version":[{"id":6010,"href":"https:\/\/test.lila.company\/index.php?rest_route=\/wp\/v2\/product\/5929\/revisions\/6010"}],"wp:featuredmedia":[{"embeddable":true,"href":"https:\/\/test.lila.company\/index.php?rest_route=\/wp\/v2\/media\/6009"}],"wp:attachment":[{"href":"https:\/\/test.lila.company\/index.php?rest_route=%2Fwp%2Fv2%2Fmedia&parent=5929"}],"wp:term":[{"taxonomy":"product_brand","embeddable":true,"href":"https:\/\/test.lila.company\/index.php?rest_route=%2Fwp%2Fv2%2Fproduct_brand&post=5929"},{"taxonomy":"product_cat","embeddable":true,"href":"https:\/\/test.lila.company\/index.php?rest_route=%2Fwp%2Fv2%2Fproduct_cat&post=5929"},{"taxonomy":"product_tag","embeddable":true,"href":"https:\/\/test.lila.company\/index.php?rest_route=%2Fwp%2Fv2%2Fproduct_tag&post=5929"}],"curies":[{"name":"wp","href":"https:\/\/api.w.org\/{rel}","templated":true}]}}