{"id":5928,"date":"2025-09-13T15:59:32","date_gmt":"2025-09-13T15:59:32","guid":{"rendered":"https:\/\/test.lila.company\/?post_type=product&#038;p=5928"},"modified":"2025-09-13T16:00:37","modified_gmt":"2025-09-13T16:00:37","slug":"aly-tortilla-lavas-ciya-tohumlu-25-cm-6li-420-gr","status":"publish","type":"product","link":"https:\/\/test.lila.company\/?product=aly-tortilla-lavas-ciya-tohumlu-25-cm-6li-420-gr","title":{"rendered":"Aly Tortilla Lava\u015f \u00c7iya Tohumlu 25 Cm 6&#8217;l\u0131 420 Gr"},"content":{"rendered":"<p><P><FONT color=\"#000000\"><STRONG>\u0130\u00c7\u0130NDEK\u0130LER :<\/STRONG><SPAN>&nbsp;<\/SPAN>Bu\u011fday unu, su, bitkisel ya\u011f(palm, ay\u00e7i\u00e7ek,kanola, pamuk ya\u011f\u0131), tuz , dekstroz, stabilizat\u00f6r (gliserol), k\u0131rm\u0131z\u0131 pul biber, k\u0131rm\u0131z\u0131 toz biber, em\u00fclgat\u00f6r (bitkisel ya\u011f asitlerinin mono ve digliseridleri), kabart\u0131c\u0131lar (sodyum asit pirofosfat, sodyum bikarbonat), koruyucular (kalsiyum propionat, potasyum sorbat), asitlik d\u00fczenleyiciler (malik asit, sitrik asit)<\/FONT><\/P><br \/>\n<P><FONT color=\"#000000\"><STRONG>SAKLAMA KO\u015eULLARI :<\/STRONG>&nbsp; Serin yerde muhafaza ediniz.G\u00fcne\u015f \u0131\u015f\u0131\u011f\u0131ndan koruyunuz.Paketi a\u00e7t\u0131ktan sonra buzdolab\u0131nda saklayan\u0131z ve 7 g\u00fcn i\u00e7inde t\u00fcketiniz.<\/FONT><\/P><\/p>\n","protected":false},"excerpt":{"rendered":"<p><SPAN><FONT color=\"#000000\">\u0130\u00e7erisine diledi\u011finiz malzemeyi koyarak pratik bir \u00f6\u011f\u00fcn haz\u0131rlaman\u0131z\u0131 sa\u011flayan Aly Lava\u015f Tortilla ile sebzeli, etli, tavuklu, bal\u0131kl\u0131 d\u00fcr\u00fcmler haz\u0131rlayabilirsiniz.<\/FONT><\/SPAN><\/p>\n","protected":false},"featured_media":6007,"comment_status":"open","ping_status":"closed","template":"","meta":[],"product_brand":[1710],"product_cat":[246],"product_tag":[],"class_list":{"0":"post-5928","1":"product","2":"type-product","3":"status-publish","4":"has-post-thumbnail","6":"product_brand-aly","7":"product_cat-yemek-hazirlik","9":"first","10":"outofstock","11":"shipping-taxable","12":"purchasable","13":"product-type-simple"},"_links":{"self":[{"href":"https:\/\/test.lila.company\/index.php?rest_route=\/wp\/v2\/product\/5928","targetHints":{"allow":["GET"]}}],"collection":[{"href":"https:\/\/test.lila.company\/index.php?rest_route=\/wp\/v2\/product"}],"about":[{"href":"https:\/\/test.lila.company\/index.php?rest_route=\/wp\/v2\/types\/product"}],"replies":[{"embeddable":true,"href":"https:\/\/test.lila.company\/index.php?rest_route=%2Fwp%2Fv2%2Fcomments&post=5928"}],"version-history":[{"count":1,"href":"https:\/\/test.lila.company\/index.php?rest_route=\/wp\/v2\/product\/5928\/revisions"}],"predecessor-version":[{"id":6008,"href":"https:\/\/test.lila.company\/index.php?rest_route=\/wp\/v2\/product\/5928\/revisions\/6008"}],"wp:featuredmedia":[{"embeddable":true,"href":"https:\/\/test.lila.company\/index.php?rest_route=\/wp\/v2\/media\/6007"}],"wp:attachment":[{"href":"https:\/\/test.lila.company\/index.php?rest_route=%2Fwp%2Fv2%2Fmedia&parent=5928"}],"wp:term":[{"taxonomy":"product_brand","embeddable":true,"href":"https:\/\/test.lila.company\/index.php?rest_route=%2Fwp%2Fv2%2Fproduct_brand&post=5928"},{"taxonomy":"product_cat","embeddable":true,"href":"https:\/\/test.lila.company\/index.php?rest_route=%2Fwp%2Fv2%2Fproduct_cat&post=5928"},{"taxonomy":"product_tag","embeddable":true,"href":"https:\/\/test.lila.company\/index.php?rest_route=%2Fwp%2Fv2%2Fproduct_tag&post=5928"}],"curies":[{"name":"wp","href":"https:\/\/api.w.org\/{rel}","templated":true}]}}