{"id":5927,"date":"2025-09-13T15:59:32","date_gmt":"2025-09-13T15:59:32","guid":{"rendered":"https:\/\/test.lila.company\/?post_type=product&#038;p=5927"},"modified":"2025-09-13T16:00:35","modified_gmt":"2025-09-13T16:00:35","slug":"aly-pizza-tabani-ultra-ince-27-cm-4lu-440-gr","status":"publish","type":"product","link":"https:\/\/test.lila.company\/?product=aly-pizza-tabani-ultra-ince-27-cm-4lu-440-gr","title":{"rendered":"Aly Pizza Taban\u0131 Ultra \u0130nce 27 Cm 4&#8217;l\u00fc 440 Gr"},"content":{"rendered":"<p><P><FONT color=\"#000000\"><STRONG>\u0130\u00c7\u0130NDEK\u0130LER :<\/STRONG>Bu\u011fday unu, i\u00e7me suyu, bitkisel margarin (palm ve pamuk ya\u011f\u0131), tuz, \u015feker, stabilizat\u00f6r (gliserol (E422)), em\u00fclgat\u00f6r ( bitkisel ya\u011f asitlerinin mono ve digliseridleri (E471)), koruyucular ( kalsiyum propiyonat (E282), potasyum sorbat (E202)), kabart\u0131c\u0131lar, (( sodyum asit pirofosfat E450), sodyum bi karbonat (E500)), asitlik d\u00fczenleyiciler [ ( malik asit (E296), sitrik asit (E330)] <\/FONT><\/P><br \/>\n<UL class=\"detail-desc-list two-columns\" style=\"column-count: 2\"><br \/>\n<LI><FONT color=\"#000000\"><STRONG>BES\u0130N DE\u011eERLER\u0130 :<\/STRONG><\/FONT><\/LI><br \/>\n<LI><FONT color=\"#000000\">Enerji ve Besin De\u011ferleri(100 g\/for 100 g)<\/FONT><\/LI><br \/>\n<LI><FONT color=\"#000000\">Enerji\/Energy284kcal\/1206kj<\/FONT><\/LI><br \/>\n<LI><FONT color=\"#000000\">Ya\u011f\/Fat 3,76g<\/FONT><\/LI><br \/>\n<UL class=\"detail-desc-list two-columns\" style=\"column-count: 2\"><br \/>\n<LI><FONT color=\"#000000\">Doymu\u015f Ya\u011f\/ Saturated Fat 1,28g<\/FONT><\/LI><br \/>\n<LI><FONT color=\"#000000\">Trans ya\u011f (g) 0g<\/FONT><\/LI><br \/>\n<LI><FONT color=\"#000000\">Karbonhidrat\/Carbohydrates56,78g<\/FONT><\/LI><br \/>\n<LI><FONT color=\"#000000\">\u015eekerler 7,16g<\/FONT><\/LI><br \/>\n<LI><FONT color=\"#000000\">Lif\/Fiber 3,73g<\/FONT><\/LI><br \/>\n<LI><FONT color=\"#000000\">Protein\/Protein 7,77g<\/FONT><\/LI><br \/>\n<LI><FONT color=\"#000000\">Tuz\/Salt 1,5g<\/FONT><\/LI><\/UL><\/UL><\/p>\n","protected":false},"excerpt":{"rendered":"<p><P><SPAN><FONT color=\"#000000\">Aly Pizza taban\u0131n\u0131n \u00fczerine istedi\u011finiz sos ve sevdi\u011finiz malzemeleri koyarak h\u0131zl\u0131ca pi\u015firebilirsiniz.<\/FONT><\/SPAN><\/P><\/p>\n","protected":false},"featured_media":6005,"comment_status":"open","ping_status":"closed","template":"","meta":[],"product_brand":[1710],"product_cat":[246],"product_tag":[],"class_list":{"0":"post-5927","1":"product","2":"type-product","3":"status-publish","4":"has-post-thumbnail","6":"product_brand-aly","7":"product_cat-yemek-hazirlik","9":"first","10":"outofstock","11":"shipping-taxable","12":"purchasable","13":"product-type-simple"},"_links":{"self":[{"href":"https:\/\/test.lila.company\/index.php?rest_route=\/wp\/v2\/product\/5927","targetHints":{"allow":["GET"]}}],"collection":[{"href":"https:\/\/test.lila.company\/index.php?rest_route=\/wp\/v2\/product"}],"about":[{"href":"https:\/\/test.lila.company\/index.php?rest_route=\/wp\/v2\/types\/product"}],"replies":[{"embeddable":true,"href":"https:\/\/test.lila.company\/index.php?rest_route=%2Fwp%2Fv2%2Fcomments&post=5927"}],"version-history":[{"count":1,"href":"https:\/\/test.lila.company\/index.php?rest_route=\/wp\/v2\/product\/5927\/revisions"}],"predecessor-version":[{"id":6006,"href":"https:\/\/test.lila.company\/index.php?rest_route=\/wp\/v2\/product\/5927\/revisions\/6006"}],"wp:featuredmedia":[{"embeddable":true,"href":"https:\/\/test.lila.company\/index.php?rest_route=\/wp\/v2\/media\/6005"}],"wp:attachment":[{"href":"https:\/\/test.lila.company\/index.php?rest_route=%2Fwp%2Fv2%2Fmedia&parent=5927"}],"wp:term":[{"taxonomy":"product_brand","embeddable":true,"href":"https:\/\/test.lila.company\/index.php?rest_route=%2Fwp%2Fv2%2Fproduct_brand&post=5927"},{"taxonomy":"product_cat","embeddable":true,"href":"https:\/\/test.lila.company\/index.php?rest_route=%2Fwp%2Fv2%2Fproduct_cat&post=5927"},{"taxonomy":"product_tag","embeddable":true,"href":"https:\/\/test.lila.company\/index.php?rest_route=%2Fwp%2Fv2%2Fproduct_tag&post=5927"}],"curies":[{"name":"wp","href":"https:\/\/api.w.org\/{rel}","templated":true}]}}